{"id":3,"date":"2023-11-10T22:42:48","date_gmt":"2023-11-10T22:42:48","guid":{"rendered":"http:\/\/fisiovidacentro.com\/?page_id=3"},"modified":"2024-01-03T00:19:30","modified_gmt":"2024-01-03T00:19:30","slug":"privacy-policy","status":"publish","type":"page","link":"https:\/\/fisiovidacentro.com\/index.php\/privacy-policy\/","title":{"rendered":"Pol\u00edticas de privacidad"},"content":{"rendered":"\t\t<div data-elementor-type=\"wp-page\" data-elementor-id=\"3\" class=\"elementor elementor-3\">\n\t\t\t\t<div class=\"elementor-element elementor-element-ac8a52c e-flex e-con-boxed e-con e-parent\" data-id=\"ac8a52c\" data-element_type=\"container\" data-e-type=\"container\">\n\t\t\t\t\t<div class=\"e-con-inner\">\n\t\t\t\t<div class=\"elementor-element elementor-element-9c32927 elementor-widget elementor-widget-heading\" data-id=\"9c32927\" data-element_type=\"widget\" data-e-type=\"widget\" data-widget_type=\"heading.default\">\n\t\t\t\t<div class=\"elementor-widget-container\">\n\t\t\t\t\t<h2 class=\"elementor-heading-title elementor-size-default\">Pol\u00edticas de Privacidad<\/h2>\t\t\t\t<\/div>\n\t\t\t\t<\/div>\n\t\t\t\t\t<\/div>\n\t\t\t\t<\/div>\n\t\t<div class=\"elementor-element elementor-element-57b2ac7d e-flex e-con-boxed e-con e-parent\" data-id=\"57b2ac7d\" data-element_type=\"container\" data-e-type=\"container\">\n\t\t\t\t\t<div class=\"e-con-inner\">\n\t\t\t\t<div class=\"elementor-element elementor-element-131da1db elementor-widget elementor-widget-text-editor\" data-id=\"131da1db\" data-element_type=\"widget\" data-e-type=\"widget\" data-widget_type=\"text-editor.default\">\n\t\t\t\t<div class=\"elementor-widget-container\">\n\t\t\t\t\t\t\t\t\t<p><strong>Comentarios:<\/strong><\/p>\n<p>Cuando los visitantes dejan comentarios en el sitio, recopilamos los datos que se muestran en el formulario de comentarios, adem\u00e1s de la direcci\u00f3n IP y la cadena del agente de usuario del navegador del visitante para ayudar en la detecci\u00f3n de spam. Se puede proporcionar a Gravatar un hash (una cadena anonimizada creada a partir de su direcci\u00f3n de correo electr\u00f3nico) para ver si lo est\u00e1 utilizando. La pol\u00edtica de privacidad del servicio Gravatar est\u00e1 disponible aqu\u00ed: https:\/\/automattic.com\/privacy\/. Despu\u00e9s de la aprobaci\u00f3n de su comentario, su foto de perfil ser\u00e1 visible al p\u00fablico en el contexto de su comentario.<\/p>\n<p><strong>Medios:\u00a0<\/strong><\/p>\n<p>Si carga im\u00e1genes en el sitio web, debe evitar cargar im\u00e1genes con datos de ubicaci\u00f3n incrustados (EXIF GPS). Los visitantes del sitio web pueden descargar y extraer cualquier dato de ubicaci\u00f3n de las im\u00e1genes del sitio web.<\/p>\n<p><strong>Cookies: <\/strong><\/p>\n<p>Si deja un comentario en nuestro sitio, puede optar por guardar su nombre, direcci\u00f3n de correo electr\u00f3nico y sitio web en cookies. Estos son para su conveniencia para que no tenga que volver a completar sus detalles cuando deje otro comentario. Estas cookies durar\u00e1n un a\u00f1o. Si visita nuestra p\u00e1gina de inicio de sesi\u00f3n, instalaremos una cookie temporal para determinar si su navegador acepta cookies. Esta cookie no contiene datos personales y se descarta al cerrar su navegador. Cuando inicie sesi\u00f3n, tambi\u00e9n configuraremos varias cookies para guardar su informaci\u00f3n de inicio de sesi\u00f3n y selecciones de visualizaci\u00f3n de pantalla. Las cookies de inicio de sesi\u00f3n duran dos d\u00edas y las cookies de opciones de pantalla duran un a\u00f1o. Si selecciona &#8220;Recordarme&#8221;, su inicio de sesi\u00f3n persistir\u00e1 durante dos semanas. Si cierra sesi\u00f3n en su cuenta, las cookies de inicio de sesi\u00f3n se eliminar\u00e1n.<\/p>\n<p><strong>Contenido incrustado de otros sitios web:<\/strong><\/p>\n<p>Los art\u00edculos de este sitio pueden incluir contenido incrustado (por ejemplo, videos, im\u00e1genes, art\u00edculos, etc.). El contenido incrustado de otros sitios web se comporta de la misma manera que si el visitante hubiera visitado el otro sitio web. Estos sitios web pueden recopilar datos sobre usted, utilizar cookies, incrustar seguimiento adicional de terceros y supervisar su interacci\u00f3n con ese contenido incrustado, incluido el seguimiento de su interacci\u00f3n con el contenido incrustado si tiene una cuenta y ha iniciado sesi\u00f3n en ese sitio web.<\/p>\n<p><strong>Con qui\u00e9n compartimos sus datos:<\/strong><\/p>\n<p>Si solicita restablecer la contrase\u00f1a, su direcci\u00f3n IP se incluir\u00e1 en el correo electr\u00f3nico de restablecimiento.<\/p>\n<p><strong>Cu\u00e1nto tiempo conservamos sus datos:<\/strong><\/p>\n<p>Si deja un comentario, el comentario y sus metadatos se retienen indefinidamente. Esto es para que podamos reconocer y aprobar autom\u00e1ticamente cualquier comentario de seguimiento en lugar de mantenerlo en una cola de moderaci\u00f3n. Para los usuarios que se registran en nuestro sitio web (si los hay), tambi\u00e9n almacenamos la informaci\u00f3n personal que proporcionan en su perfil de usuario. Todos los usuarios pueden ver, editar o eliminar su informaci\u00f3n personal en cualquier momento (excepto que no pueden cambiar su nombre de usuario). Los administradores del sitio web tambi\u00e9n pueden ver y editar esa informaci\u00f3n.<\/p>\n<p><strong>Sus derechos sobre sus datos:<\/strong><\/p>\n<p>Si tiene una cuenta en este sitio o ha dejado comentarios, puede solicitar recibir un archivo exportado de los datos personales que tenemos sobre usted, incluidos los datos que nos haya proporcionado. Tambi\u00e9n puede solicitar que borremos cualquier dato personal que tengamos sobre usted. Esto no incluye ning\u00fan dato que estemos obligados a conservar con fines administrativos, legales o de seguridad.<\/p>\n<p><strong>D\u00f3nde enviamos sus datos:<\/strong><\/p>\n<p>Los comentarios de los visitantes pueden ser revisados mediante un servicio de detecci\u00f3n autom\u00e1tica de spam.<\/p>\n<p>\u00a0<\/p>\t\t\t\t\t\t\t\t<\/div>\n\t\t\t\t<\/div>\n\t\t\t\t\t<\/div>\n\t\t\t\t<\/div>\n\t\t\t\t<\/div>\n\t\t","protected":false},"excerpt":{"rendered":"<p>Pol\u00edticas de Privacidad Comentarios: Cuando los visitantes dejan comentarios en el sitio, recopilamos los datos que se muestran en el formulario de comentarios, adem\u00e1s de la direcci\u00f3n IP y la cadena del agente de usuario del navegador del visitante para ayudar en la detecci\u00f3n de spam. Se puede proporcionar a Gravatar un hash (una cadena [&hellip;]<\/p>\n","protected":false},"author":1,"featured_media":0,"parent":0,"menu_order":0,"comment_status":"closed","ping_status":"open","template":"","meta":{"_uag_custom_page_level_css":"","_monsterinsights_skip_tracking":false,"_monsterinsights_sitenote_active":false,"_monsterinsights_sitenote_note":"","_monsterinsights_sitenote_category":0,"_uf_show_specific_survey":0,"_uf_disable_surveys":false,"site-sidebar-layout":"default","site-content-layout":"","ast-site-content-layout":"default","site-content-style":"default","site-sidebar-style":"default","ast-global-header-display":"","ast-banner-title-visibility":"","ast-main-header-display":"","ast-hfb-above-header-display":"","ast-hfb-below-header-display":"","ast-hfb-mobile-header-display":"","site-post-title":"","ast-breadcrumbs-content":"","ast-featured-img":"","footer-sml-layout":"","ast-disable-related-posts":"","theme-transparent-header-meta":"","adv-header-id-meta":"","stick-header-meta":"","header-above-stick-meta":"","header-main-stick-meta":"","header-below-stick-meta":"","astra-migrate-meta-layouts":"default","ast-page-background-enabled":"default","ast-page-background-meta":{"desktop":{"background-color":"var(--ast-global-color-4)","background-image":"","background-repeat":"repeat","background-position":"center center","background-size":"auto","background-attachment":"scroll","background-type":"","background-media":"","overlay-type":"","overlay-color":"","overlay-opacity":"","overlay-gradient":""},"tablet":{"background-color":"","background-image":"","background-repeat":"repeat","background-position":"center center","background-size":"auto","background-attachment":"scroll","background-type":"","background-media":"","overlay-type":"","overlay-color":"","overlay-opacity":"","overlay-gradient":""},"mobile":{"background-color":"","background-image":"","background-repeat":"repeat","background-position":"center center","background-size":"auto","background-attachment":"scroll","background-type":"","background-media":"","overlay-type":"","overlay-color":"","overlay-opacity":"","overlay-gradient":""}},"ast-content-background-meta":{"desktop":{"background-color":"var(--ast-global-color-5)","background-image":"","background-repeat":"repeat","background-position":"center center","background-size":"auto","background-attachment":"scroll","background-type":"","background-media":"","overlay-type":"","overlay-color":"","overlay-opacity":"","overlay-gradient":""},"tablet":{"background-color":"var(--ast-global-color-5)","background-image":"","background-repeat":"repeat","background-position":"center center","background-size":"auto","background-attachment":"scroll","background-type":"","background-media":"","overlay-type":"","overlay-color":"","overlay-opacity":"","overlay-gradient":""},"mobile":{"background-color":"var(--ast-global-color-5)","background-image":"","background-repeat":"repeat","background-position":"center center","background-size":"auto","background-attachment":"scroll","background-type":"","background-media":"","overlay-type":"","overlay-color":"","overlay-opacity":"","overlay-gradient":""}},"_joinchat":[],"footnotes":""},"class_list":["post-3","page","type-page","status-publish","hentry"],"yoast_head":"<!-- This site is optimized with the Yoast SEO plugin v27.4 - https:\/\/yoast.com\/product\/yoast-seo-wordpress\/ -->\n<title>Pol\u00edticas de privacidad - Fisiovida<\/title>\n<meta name=\"robots\" content=\"index, follow, max-snippet:-1, max-image-preview:large, max-video-preview:-1\" \/>\n<link rel=\"canonical\" href=\"https:\/\/fisiovidacentro.com\/index.php\/privacy-policy\/\" \/>\n<meta property=\"og:locale\" content=\"es_ES\" \/>\n<meta property=\"og:type\" content=\"article\" \/>\n<meta property=\"og:title\" content=\"Pol\u00edticas de privacidad - Fisiovida\" \/>\n<meta property=\"og:description\" content=\"Pol\u00edticas de Privacidad Comentarios: Cuando los visitantes dejan comentarios en el sitio, recopilamos los datos que se muestran en el formulario de comentarios, adem\u00e1s de la direcci\u00f3n IP y la cadena del agente de usuario del navegador del visitante para ayudar en la detecci\u00f3n de spam. Se puede proporcionar a Gravatar un hash (una cadena [&hellip;]\" \/>\n<meta property=\"og:url\" content=\"https:\/\/fisiovidacentro.com\/index.php\/privacy-policy\/\" \/>\n<meta property=\"og:site_name\" content=\"Fisiovida\" \/>\n<meta property=\"article:publisher\" content=\"https:\/\/www.facebook.com\/profile.php?id=100068013932888\" \/>\n<meta property=\"article:modified_time\" content=\"2024-01-03T00:19:30+00:00\" \/>\n<meta property=\"og:image\" content=\"https:\/\/fisiovidacentro.com\/wp-content\/uploads\/2023\/11\/Logo-Fisiovida-2-e1699680228168.png\" \/>\n\t<meta property=\"og:image:width\" content=\"599\" \/>\n\t<meta property=\"og:image:height\" content=\"423\" \/>\n\t<meta property=\"og:image:type\" content=\"image\/png\" \/>\n<meta name=\"twitter:card\" content=\"summary_large_image\" \/>\n<meta name=\"twitter:label1\" content=\"Tiempo de lectura\" \/>\n\t<meta name=\"twitter:data1\" content=\"3 minutos\" \/>\n<script type=\"application\/ld+json\" class=\"yoast-schema-graph\">{\"@context\":\"https:\\\/\\\/schema.org\",\"@graph\":[{\"@type\":\"WebPage\",\"@id\":\"https:\\\/\\\/fisiovidacentro.com\\\/index.php\\\/privacy-policy\\\/\",\"url\":\"https:\\\/\\\/fisiovidacentro.com\\\/index.php\\\/privacy-policy\\\/\",\"name\":\"Pol\u00edticas de privacidad - Fisiovida\",\"isPartOf\":{\"@id\":\"https:\\\/\\\/fisiovidacentro.com\\\/#website\"},\"datePublished\":\"2023-11-10T22:42:48+00:00\",\"dateModified\":\"2024-01-03T00:19:30+00:00\",\"breadcrumb\":{\"@id\":\"https:\\\/\\\/fisiovidacentro.com\\\/index.php\\\/privacy-policy\\\/#breadcrumb\"},\"inLanguage\":\"es-CO\",\"potentialAction\":[{\"@type\":\"ReadAction\",\"target\":[\"https:\\\/\\\/fisiovidacentro.com\\\/index.php\\\/privacy-policy\\\/\"]}]},{\"@type\":\"BreadcrumbList\",\"@id\":\"https:\\\/\\\/fisiovidacentro.com\\\/index.php\\\/privacy-policy\\\/#breadcrumb\",\"itemListElement\":[{\"@type\":\"ListItem\",\"position\":1,\"name\":\"Inicio\",\"item\":\"https:\\\/\\\/fisiovidacentro.com\\\/\"},{\"@type\":\"ListItem\",\"position\":2,\"name\":\"Pol\u00edticas de privacidad\"}]},{\"@type\":\"WebSite\",\"@id\":\"https:\\\/\\\/fisiovidacentro.com\\\/#website\",\"url\":\"https:\\\/\\\/fisiovidacentro.com\\\/\",\"name\":\"Fisiovidacentro\",\"description\":\"La oportunidad de vivir mejor\",\"publisher\":{\"@id\":\"https:\\\/\\\/fisiovidacentro.com\\\/#organization\"},\"potentialAction\":[{\"@type\":\"SearchAction\",\"target\":{\"@type\":\"EntryPoint\",\"urlTemplate\":\"https:\\\/\\\/fisiovidacentro.com\\\/?s={search_term_string}\"},\"query-input\":{\"@type\":\"PropertyValueSpecification\",\"valueRequired\":true,\"valueName\":\"search_term_string\"}}],\"inLanguage\":\"es-CO\"},{\"@type\":\"Organization\",\"@id\":\"https:\\\/\\\/fisiovidacentro.com\\\/#organization\",\"name\":\"Fisiovida\",\"url\":\"https:\\\/\\\/fisiovidacentro.com\\\/\",\"logo\":{\"@type\":\"ImageObject\",\"inLanguage\":\"es-CO\",\"@id\":\"https:\\\/\\\/fisiovidacentro.com\\\/#\\\/schema\\\/logo\\\/image\\\/\",\"url\":\"https:\\\/\\\/fisiovidacentro.com\\\/wp-content\\\/uploads\\\/2023\\\/11\\\/Logo-Fisiovida-2-e1699680228168.png\",\"contentUrl\":\"https:\\\/\\\/fisiovidacentro.com\\\/wp-content\\\/uploads\\\/2023\\\/11\\\/Logo-Fisiovida-2-e1699680228168.png\",\"width\":599,\"height\":423,\"caption\":\"Fisiovida\"},\"image\":{\"@id\":\"https:\\\/\\\/fisiovidacentro.com\\\/#\\\/schema\\\/logo\\\/image\\\/\"},\"sameAs\":[\"https:\\\/\\\/www.facebook.com\\\/profile.php?id=100068013932888\",\"https:\\\/\\\/www.instagram.com\\\/fisiovidaec\\\/\",\"https:\\\/\\\/www.tiktok.com\\\/@fisiovidaec?is_from_webapp=1&sender_device=pc\"]}]}<\/script>\n<!-- \/ Yoast SEO plugin. -->","yoast_head_json":{"title":"Pol\u00edticas de privacidad - Fisiovida","robots":{"index":"index","follow":"follow","max-snippet":"max-snippet:-1","max-image-preview":"max-image-preview:large","max-video-preview":"max-video-preview:-1"},"canonical":"https:\/\/fisiovidacentro.com\/index.php\/privacy-policy\/","og_locale":"es_ES","og_type":"article","og_title":"Pol\u00edticas de privacidad - Fisiovida","og_description":"Pol\u00edticas de Privacidad Comentarios: Cuando los visitantes dejan comentarios en el sitio, recopilamos los datos que se muestran en el formulario de comentarios, adem\u00e1s de la direcci\u00f3n IP y la cadena del agente de usuario del navegador del visitante para ayudar en la detecci\u00f3n de spam. Se puede proporcionar a Gravatar un hash (una cadena [&hellip;]","og_url":"https:\/\/fisiovidacentro.com\/index.php\/privacy-policy\/","og_site_name":"Fisiovida","article_publisher":"https:\/\/www.facebook.com\/profile.php?id=100068013932888","article_modified_time":"2024-01-03T00:19:30+00:00","og_image":[{"width":599,"height":423,"url":"https:\/\/fisiovidacentro.com\/wp-content\/uploads\/2023\/11\/Logo-Fisiovida-2-e1699680228168.png","type":"image\/png"}],"twitter_card":"summary_large_image","twitter_misc":{"Tiempo de lectura":"3 minutos"},"schema":{"@context":"https:\/\/schema.org","@graph":[{"@type":"WebPage","@id":"https:\/\/fisiovidacentro.com\/index.php\/privacy-policy\/","url":"https:\/\/fisiovidacentro.com\/index.php\/privacy-policy\/","name":"Pol\u00edticas de privacidad - Fisiovida","isPartOf":{"@id":"https:\/\/fisiovidacentro.com\/#website"},"datePublished":"2023-11-10T22:42:48+00:00","dateModified":"2024-01-03T00:19:30+00:00","breadcrumb":{"@id":"https:\/\/fisiovidacentro.com\/index.php\/privacy-policy\/#breadcrumb"},"inLanguage":"es-CO","potentialAction":[{"@type":"ReadAction","target":["https:\/\/fisiovidacentro.com\/index.php\/privacy-policy\/"]}]},{"@type":"BreadcrumbList","@id":"https:\/\/fisiovidacentro.com\/index.php\/privacy-policy\/#breadcrumb","itemListElement":[{"@type":"ListItem","position":1,"name":"Inicio","item":"https:\/\/fisiovidacentro.com\/"},{"@type":"ListItem","position":2,"name":"Pol\u00edticas de privacidad"}]},{"@type":"WebSite","@id":"https:\/\/fisiovidacentro.com\/#website","url":"https:\/\/fisiovidacentro.com\/","name":"Fisiovidacentro","description":"La oportunidad de vivir mejor","publisher":{"@id":"https:\/\/fisiovidacentro.com\/#organization"},"potentialAction":[{"@type":"SearchAction","target":{"@type":"EntryPoint","urlTemplate":"https:\/\/fisiovidacentro.com\/?s={search_term_string}"},"query-input":{"@type":"PropertyValueSpecification","valueRequired":true,"valueName":"search_term_string"}}],"inLanguage":"es-CO"},{"@type":"Organization","@id":"https:\/\/fisiovidacentro.com\/#organization","name":"Fisiovida","url":"https:\/\/fisiovidacentro.com\/","logo":{"@type":"ImageObject","inLanguage":"es-CO","@id":"https:\/\/fisiovidacentro.com\/#\/schema\/logo\/image\/","url":"https:\/\/fisiovidacentro.com\/wp-content\/uploads\/2023\/11\/Logo-Fisiovida-2-e1699680228168.png","contentUrl":"https:\/\/fisiovidacentro.com\/wp-content\/uploads\/2023\/11\/Logo-Fisiovida-2-e1699680228168.png","width":599,"height":423,"caption":"Fisiovida"},"image":{"@id":"https:\/\/fisiovidacentro.com\/#\/schema\/logo\/image\/"},"sameAs":["https:\/\/www.facebook.com\/profile.php?id=100068013932888","https:\/\/www.instagram.com\/fisiovidaec\/","https:\/\/www.tiktok.com\/@fisiovidaec?is_from_webapp=1&sender_device=pc"]}]}},"uagb_featured_image_src":{"full":false,"thumbnail":false,"medium":false,"medium_large":false,"large":false,"1536x1536":false,"2048x2048":false},"uagb_author_info":{"display_name":"fisiovidacentro.com","author_link":"https:\/\/fisiovidacentro.com\/index.php\/author\/fisiovidacentro-com\/"},"uagb_comment_info":0,"uagb_excerpt":"Pol\u00edticas de Privacidad Comentarios: Cuando los visitantes dejan comentarios en el sitio, recopilamos los datos que se muestran en el formulario de comentarios, adem\u00e1s de la direcci\u00f3n IP y la cadena del agente de usuario del navegador del visitante para ayudar en la detecci\u00f3n de spam. Se puede proporcionar a Gravatar un hash (una cadena&hellip;","rttpg_featured_image_url":null,"rttpg_author":{"display_name":"fisiovidacentro.com","author_link":"https:\/\/fisiovidacentro.com\/index.php\/author\/fisiovidacentro-com\/"},"rttpg_comment":0,"rttpg_category":null,"rttpg_excerpt":"Pol\u00edticas de Privacidad Comentarios: Cuando los visitantes dejan comentarios en el sitio, recopilamos los datos que se muestran en el formulario de comentarios, adem\u00e1s de la direcci\u00f3n IP y la cadena del agente de usuario del navegador del visitante para ayudar en la detecci\u00f3n de spam. Se puede proporcionar a Gravatar un hash (una cadena&hellip;","_links":{"self":[{"href":"https:\/\/fisiovidacentro.com\/index.php\/wp-json\/wp\/v2\/pages\/3","targetHints":{"allow":["GET"]}}],"collection":[{"href":"https:\/\/fisiovidacentro.com\/index.php\/wp-json\/wp\/v2\/pages"}],"about":[{"href":"https:\/\/fisiovidacentro.com\/index.php\/wp-json\/wp\/v2\/types\/page"}],"author":[{"embeddable":true,"href":"https:\/\/fisiovidacentro.com\/index.php\/wp-json\/wp\/v2\/users\/1"}],"replies":[{"embeddable":true,"href":"https:\/\/fisiovidacentro.com\/index.php\/wp-json\/wp\/v2\/comments?post=3"}],"version-history":[{"count":5,"href":"https:\/\/fisiovidacentro.com\/index.php\/wp-json\/wp\/v2\/pages\/3\/revisions"}],"predecessor-version":[{"id":1202,"href":"https:\/\/fisiovidacentro.com\/index.php\/wp-json\/wp\/v2\/pages\/3\/revisions\/1202"}],"wp:attachment":[{"href":"https:\/\/fisiovidacentro.com\/index.php\/wp-json\/wp\/v2\/media?parent=3"}],"curies":[{"name":"wp","href":"https:\/\/api.w.org\/{rel}","templated":true}]}}